{"id":9681,"date":"2012-04-21T23:12:11","date_gmt":"2012-04-21T22:12:11","guid":{"rendered":"http:\/\/www.bagn.no\/?page_id=9681"},"modified":"2019-01-03T00:23:10","modified_gmt":"2019-01-02T23:23:10","slug":"salg","status":"publish","type":"page","link":"https:\/\/www.bagn.no\/?page_id=9681","title":{"rendered":"Salg Klubbartikler"},"content":{"rendered":"<p>Alt som nevnes p\u00e5 siden her kan kj\u00f8pes gjennom materialforvalter Anne Dyve p\u00e5\u00a0911 92108, melding p\u00e5 facebook\u00a0eller <a href=\"mailto:anne_dyve@hotmail.com\">anne_dyve@hotmail.com<\/a><\/p>\n<p>Bruktbutikken har ogs\u00e5 deler av utvalget. \u00c5pent fredag og l\u00f8rdag<\/p>\n<p>TRENINGSDRESSER:<\/p>\n<p>Bagn Idrettslag bruker to ulike treningsdresser.<\/p>\n<p><span style=\"text-decoration: underline;\"><strong><a href=\"http:\/\/bagn.no\/wp-content\/uploads\/2012\/04\/13.10.22-Idrettsskole-1-red.jpg\"><img loading=\"lazy\" decoding=\"async\" class=\"alignleft size-medium wp-image-19061\" src=\"http:\/\/bagn.no\/wp-content\/uploads\/2012\/04\/13.10.22-Idrettsskole-1-red-199x300.jpg\" alt=\"13.10.22 Idrettsskole (1) red\" width=\"199\" height=\"300\" srcset=\"\/wp-content\/uploads\/2012\/04\/13.10.22-Idrettsskole-1-red-199x300.jpg 199w, \/wp-content\/uploads\/2012\/04\/13.10.22-Idrettsskole-1-red-600x903.jpg 600w, \/wp-content\/uploads\/2012\/04\/13.10.22-Idrettsskole-1-red-680x1024.jpg 680w, \/wp-content\/uploads\/2012\/04\/13.10.22-Idrettsskole-1-red.jpg 712w\" sizes=\"auto, (max-width: 199px) 100vw, 199px\" \/><\/a>Vinterdressen<\/strong><\/span> blir sydd p\u00e5 bestilling hos TRIMEX. Bestilling tas opp i september\/oktober.\u00a0 <strong>Priser:\u00a0barn 1200,-<\/strong>\u00a0, <strong>voksen (fra Small) 1800,-.\u00a0 <\/strong>Noen dresser i tilfeldige st\u00f8rrelser\u00a0finnes p\u00e5 lager.\u00a0 Kontakt materialforvalter.\u00a0 <a href=\"http:\/\/bagn.no\/wp-content\/uploads\/2014\/10\/windbreaker.jpg\"><img loading=\"lazy\" decoding=\"async\" class=\"alignright size-medium wp-image-21004\" src=\"http:\/\/bagn.no\/wp-content\/uploads\/2014\/10\/windbreaker-225x300.jpg\" alt=\"windbreaker\" width=\"225\" height=\"300\" srcset=\"\/wp-content\/uploads\/2014\/10\/windbreaker-225x300.jpg 225w, \/wp-content\/uploads\/2014\/10\/windbreaker-600x800.jpg 600w, \/wp-content\/uploads\/2014\/10\/windbreaker-768x1024.jpg 768w, \/wp-content\/uploads\/2014\/10\/windbreaker-scaled.jpg 1920w\" sizes=\"auto, (max-width: 225px) 100vw, 225px\" \/><\/a><\/p>\n<p><span style=\"text-decoration: underline;\"><strong>Vest<\/strong><\/span> (lik vinterjakka) p\u00e5 bestilling: <strong>pris barn: 450,-\/voksen 550,-<\/strong><\/p>\n<p><strong>Windbreaker:<\/strong>\u00a0 Kr. 350,-\/450,- med navn p\u00e5 ryggen.<\/p>\n<p>Kr. 300,-\/400,- uten navn.<\/p>\n<p><span style=\"text-decoration: underline;\"><strong>Sommerdressen<\/strong><\/span> er en standard UMBRO-dress bestilt gjennom G-sport.\u00a0 Den koster <strong>kr. 200,-\u00a0<\/strong>\u00a0 Enkelte str. igjen p\u00e5\u00a0lager.<\/p>\n<p><a href=\"http:\/\/bagn.no\/wp-content\/uploads\/2012\/04\/13.12.13-Modell-Maiken-15-red1.jpg\"><img loading=\"lazy\" decoding=\"async\" class=\"alignleft size-medium wp-image-19068\" src=\"http:\/\/bagn.no\/wp-content\/uploads\/2012\/04\/13.12.13-Modell-Maiken-15-red1-199x300.jpg\" alt=\"13.12.13 Modell Maiken (15) red\" width=\"199\" height=\"300\" srcset=\"\/wp-content\/uploads\/2012\/04\/13.12.13-Modell-Maiken-15-red1-199x300.jpg 199w, \/wp-content\/uploads\/2012\/04\/13.12.13-Modell-Maiken-15-red1-600x903.jpg 600w, \/wp-content\/uploads\/2012\/04\/13.12.13-Modell-Maiken-15-red1-680x1024.jpg 680w, \/wp-content\/uploads\/2012\/04\/13.12.13-Modell-Maiken-15-red1.jpg 712w\" sizes=\"auto, (max-width: 199px) 100vw, 199px\" \/><\/a><strong>Lue <\/strong>(one size) koster<strong> kr. 70,-\u00a0\u00a0 <\/strong><\/p>\n<p><strong>Buff <\/strong>koster<strong> kr. 30,-\u00a0<\/strong><\/p>\n<p><strong>Bagn IL-genseren<\/strong> er en varm fleece-genser\u00a0med <em>Bagn IL, Valdres<\/em> p\u00e5 ryggen og sponsormerker p\u00e5 bryst.\u00a0 Det er igjen en del gensere i str. S og M.\u00a0 <strong>Kr. 70,-.\u00a0<\/strong> <a href=\"http:\/\/bagn.no\/wp-content\/uploads\/2012\/04\/499-500x3321.jpg\"><img loading=\"lazy\" decoding=\"async\" class=\"alignright size-medium wp-image-19070\" src=\"http:\/\/bagn.no\/wp-content\/uploads\/2012\/04\/499-500x3321-300x199.jpg\" alt=\"499-500x332\" width=\"300\" height=\"199\" srcset=\"\/wp-content\/uploads\/2012\/04\/499-500x3321-300x199.jpg 300w, \/wp-content\/uploads\/2012\/04\/499-500x3321.jpg 500w\" sizes=\"auto, (max-width: 300px) 100vw, 300px\" \/><\/a><\/p>\n<p><span style=\"text-decoration: underline;\"><strong>\u00a0<\/strong><\/span><\/p>\n<p><a href=\"http:\/\/bagn.no\/wp-content\/uploads\/2012\/04\/Bagn-Klubbartikler.jpg\"><img loading=\"lazy\" decoding=\"async\" class=\"alignleft size-full wp-image-19105\" src=\"http:\/\/bagn.no\/wp-content\/uploads\/2012\/04\/Bagn-Klubbartikler.jpg\" alt=\"Bagn-Klubbartikler\" width=\"768\" height=\"153\" srcset=\"\/wp-content\/uploads\/2012\/04\/Bagn-Klubbartikler.jpg 768w, \/wp-content\/uploads\/2012\/04\/Bagn-Klubbartikler-600x120.jpg 600w, \/wp-content\/uploads\/2012\/04\/Bagn-Klubbartikler-300x60.jpg 300w\" sizes=\"auto, (max-width: 768px) 100vw, 768px\" \/><\/a><\/p>\n","protected":false},"excerpt":{"rendered":"<p>Alt som nevnes p\u00e5 siden her kan kj\u00f8pes gjennom materialforvalter Anne Dyve p\u00e5\u00a0911 92108, melding p\u00e5 facebook\u00a0eller anne_dyve@hotmail.com Bruktbutikken har ogs\u00e5 deler av utvalget. \u00c5pent fredag og l\u00f8rdag TRENINGSDRESSER: Bagn Idrettslag bruker to ulike treningsdresser. Vinterdressen blir sydd p\u00e5 bestilling hos TRIMEX. Bestilling tas opp i september\/oktober.\u00a0 Priser:\u00a0barn 1200,-\u00a0, voksen (fra Small) 1800,-.\u00a0 Noen dresser [&hellip;]<\/p>\n","protected":false},"author":3,"featured_media":0,"parent":0,"menu_order":4,"comment_status":"open","ping_status":"closed","template":"","meta":{"footnotes":""},"class_list":["post-9681","page","type-page","status-publish","hentry"],"_links":{"self":[{"href":"https:\/\/www.bagn.no\/index.php?rest_route=\/wp\/v2\/pages\/9681","targetHints":{"allow":["GET"]}}],"collection":[{"href":"https:\/\/www.bagn.no\/index.php?rest_route=\/wp\/v2\/pages"}],"about":[{"href":"https:\/\/www.bagn.no\/index.php?rest_route=\/wp\/v2\/types\/page"}],"author":[{"embeddable":true,"href":"https:\/\/www.bagn.no\/index.php?rest_route=\/wp\/v2\/users\/3"}],"replies":[{"embeddable":true,"href":"https:\/\/www.bagn.no\/index.php?rest_route=%2Fwp%2Fv2%2Fcomments&post=9681"}],"version-history":[{"count":0,"href":"https:\/\/www.bagn.no\/index.php?rest_route=\/wp\/v2\/pages\/9681\/revisions"}],"wp:attachment":[{"href":"https:\/\/www.bagn.no\/index.php?rest_route=%2Fwp%2Fv2%2Fmedia&parent=9681"}],"curies":[{"name":"wp","href":"https:\/\/api.w.org\/{rel}","templated":true}]}}