{"id":9408,"date":"2012-03-29T01:20:18","date_gmt":"2012-03-29T00:20:18","guid":{"rendered":"http:\/\/www.bagn.no\/?page_id=9408"},"modified":"2015-09-15T11:22:38","modified_gmt":"2015-09-15T09:22:38","slug":"fossvang","status":"publish","type":"page","link":"https:\/\/www.bagn.no\/?page_id=9408","title":{"rendered":"Fossvangomr\u00e5det"},"content":{"rendered":"<p>Fossvangomr\u00e5det eies og driftes av Bagn Idrettslag. Omr\u00e5det er tilrettelagt for en rekke aktivitetet flere fotballbaner, sandvolleyball, lengdegrop, kulering, grusbane, lekeapparater, mm<\/p>\n<p>Fossvang har en egen side p\u00e5 facebook se <a href=\"https:\/\/www.facebook.com\/pages\/Fossvang-Stadion\/128882010520026\">HER<\/a>\u00a0Mye oppdateringer vil de ikke v\u00e6re, men iblant. Sjekk inn p\u00e5 Fossvang n\u00e5r du er der.<\/p>\n<p>&nbsp;<\/p>\n<p>31. Mai Det er hugget tr\u00e6r mellom Fossvang og Dalagata. Dette for \u00e5 gj\u00f8re det lysere p\u00e5 volleyballbanene, men ogs\u00e5 for \u00e5 f\u00e5 ryddet opp i det som hittil har v\u00e6rt ett villniss. Det vil bli fjernet flere tr\u00e6r og busker i tiden fremover. Planen er at \u00d8stg\u00e5rd Anlegg skal rydde med den &laquo;store spaden&raquo; slik at det blir jevnt og fint der.<\/p>\n<p>Garderobeanlegget p\u00e5 Fossvang er gjen\u00e5pnet. Det er satt inn ny brannd\u00f8r og diverse endringer er gjort i garderoben. Kommunen \u00e5pnet til avtalt tid. Takk for det<\/p>\n<p>16. April 2012 Bagn idrettslag p\u00e5 vegne av alle lag og foreninger (og innbyggere) sparker igang innsamlingsaksjon for nybygg. Det blir gods gammelsdag kronerulling, men ogs\u00e5 mulighet for \u00e5 tegnes seg for dugnadstimer. Vi har jo klart \u00e5 bygge noen tusen hytter i denne kommunen s\u00e5 da m\u00e5 vi vel kunne f\u00e5 til ett hus \u00e5 samles i ogs\u00e5?<\/p>\n<p>13. April 2012 Konstruktivt m\u00f8te mellom kommunen og idrettslaget. Garderobeanlegget i 1. etasje kan med noen tiltak \u00e5pnes igjen i uke 21. Tiltakene er blant annet skifte av utgangsd\u00f8r, merking av utganger, brannvarslere og fjerning av en vask som begrenser r\u00f8mingsveien. Avtalt l\u00f8pende dialog for \u00e5 finne l\u00f8sninger for kontor og lagerplass, samt utfordringer i forhold til fremtidige arrangementer. \u00d8nske om at resten av 1. etasje kan \u00e5pnes senere p\u00e5 \u00e5ret. Enighet om at det skal ryddes opp p\u00e5 baksiden mot grusbanen (knuste ruter osv) Vi kan bruke SAUS etter n\u00e6rmere avtale. Idrettslaget og skolen har et utmerket samarbeidsklima s\u00e5 vi regner med at dette l\u00f8ser seg.<\/p>\n<p>26. Mars 2012 Fossvang stenges med umiddelbar virkning etter branntilsyn<\/p>\n<p>&nbsp;<\/p>\n<p>2. Augsut 1995 \u00a0KULTURBYGG \/ FLERBRUKSHUS I S\u00d8R-AURDAL KOMMUNE P\u00c5 H\u00d8RING<\/p>\n<p>Her kan en lese <a href=\"http:\/\/www.bagn.no\/bagn-il\/fossvang\/utredning-kulturbygg1995-2\/\" rel=\"attachment wp-att-9617\">Utredning kulturbygg1995<\/a>\u00a0La oss denne gangen faktisk sette opp ett bygg ogs\u00e5<\/p>\n<p>&nbsp;<\/p>\n","protected":false},"excerpt":{"rendered":"<p>Fossvangomr\u00e5det eies og driftes av Bagn Idrettslag. Omr\u00e5det er tilrettelagt for en rekke aktivitetet flere fotballbaner, sandvolleyball, lengdegrop, kulering, grusbane, lekeapparater, mm Fossvang har en egen side p\u00e5 facebook se HER\u00a0Mye oppdateringer vil de ikke v\u00e6re, men iblant. Sjekk inn p\u00e5 Fossvang n\u00e5r du er der. &nbsp; 31. Mai Det er hugget tr\u00e6r mellom Fossvang [&hellip;]<\/p>\n","protected":false},"author":4,"featured_media":0,"parent":4,"menu_order":0,"comment_status":"open","ping_status":"closed","template":"","meta":{"footnotes":""},"class_list":["post-9408","page","type-page","status-publish","hentry"],"_links":{"self":[{"href":"https:\/\/www.bagn.no\/index.php?rest_route=\/wp\/v2\/pages\/9408","targetHints":{"allow":["GET"]}}],"collection":[{"href":"https:\/\/www.bagn.no\/index.php?rest_route=\/wp\/v2\/pages"}],"about":[{"href":"https:\/\/www.bagn.no\/index.php?rest_route=\/wp\/v2\/types\/page"}],"author":[{"embeddable":true,"href":"https:\/\/www.bagn.no\/index.php?rest_route=\/wp\/v2\/users\/4"}],"replies":[{"embeddable":true,"href":"https:\/\/www.bagn.no\/index.php?rest_route=%2Fwp%2Fv2%2Fcomments&post=9408"}],"version-history":[{"count":0,"href":"https:\/\/www.bagn.no\/index.php?rest_route=\/wp\/v2\/pages\/9408\/revisions"}],"up":[{"embeddable":true,"href":"https:\/\/www.bagn.no\/index.php?rest_route=\/wp\/v2\/pages\/4"}],"wp:attachment":[{"href":"https:\/\/www.bagn.no\/index.php?rest_route=%2Fwp%2Fv2%2Fmedia&parent=9408"}],"curies":[{"name":"wp","href":"https:\/\/api.w.org\/{rel}","templated":true}]}}