{"id":6815,"date":"2011-07-03T00:23:25","date_gmt":"2011-07-02T23:23:25","guid":{"rendered":"http:\/\/www.bagn.no\/?page_id=6815"},"modified":"2020-07-11T01:30:59","modified_gmt":"2020-07-10T23:30:59","slug":"kongsvegrittet","status":"publish","type":"page","link":"https:\/\/www.bagn.no\/?page_id=6815","title":{"rendered":"Kongsvegrittet &#8211; terrengsykkelritt"},"content":{"rendered":"<p>Kongsvegrittet arrangeres \u00e5rlig i August m\u00e5ned. L\u00f8rdag 15. August 2020 g\u00e5r l\u00f8pet for 12. gang. <a href=\"https:\/\/kongsvegtrippelen.no\/kongsvegrittet\/\">Les mer p\u00e5 kongsvegtrippelen.no<\/a><\/p>\n<p>Bruk taggene #kongsvegtrippelen #kongsvegrittet og #bagnidrettslag<\/p>\n<p><a href=\"http:\/\/bagn.no\/wp-content\/uploads\/2011\/07\/kongsvegrittet.jpg\"><img loading=\"lazy\" decoding=\"async\" class=\"alignleft wp-image-20649\" src=\"http:\/\/bagn.no\/wp-content\/uploads\/2011\/07\/kongsvegrittet.jpg\" alt=\"kongsvegrittet\" width=\"697\" height=\"523\" srcset=\"\/wp-content\/uploads\/2011\/07\/kongsvegrittet.jpg 960w, \/wp-content\/uploads\/2011\/07\/kongsvegrittet-600x450.jpg 600w, \/wp-content\/uploads\/2011\/07\/kongsvegrittet-300x225.jpg 300w\" sizes=\"auto, (max-width: 697px) 100vw, 697px\" \/><\/a><\/p>\n","protected":false},"excerpt":{"rendered":"<p>Kongsvegrittet arrangeres \u00e5rlig i August m\u00e5ned. L\u00f8rdag 15. August 2020 g\u00e5r l\u00f8pet for 12. gang. Les mer p\u00e5 kongsvegtrippelen.no Bruk taggene #kongsvegtrippelen #kongsvegrittet og #bagnidrettslag<\/p>\n","protected":false},"author":3,"featured_media":0,"parent":984,"menu_order":1,"comment_status":"open","ping_status":"closed","template":"","meta":{"footnotes":""},"class_list":["post-6815","page","type-page","status-publish","hentry"],"_links":{"self":[{"href":"https:\/\/www.bagn.no\/index.php?rest_route=\/wp\/v2\/pages\/6815","targetHints":{"allow":["GET"]}}],"collection":[{"href":"https:\/\/www.bagn.no\/index.php?rest_route=\/wp\/v2\/pages"}],"about":[{"href":"https:\/\/www.bagn.no\/index.php?rest_route=\/wp\/v2\/types\/page"}],"author":[{"embeddable":true,"href":"https:\/\/www.bagn.no\/index.php?rest_route=\/wp\/v2\/users\/3"}],"replies":[{"embeddable":true,"href":"https:\/\/www.bagn.no\/index.php?rest_route=%2Fwp%2Fv2%2Fcomments&post=6815"}],"version-history":[{"count":0,"href":"https:\/\/www.bagn.no\/index.php?rest_route=\/wp\/v2\/pages\/6815\/revisions"}],"up":[{"embeddable":true,"href":"https:\/\/www.bagn.no\/index.php?rest_route=\/wp\/v2\/pages\/984"}],"wp:attachment":[{"href":"https:\/\/www.bagn.no\/index.php?rest_route=%2Fwp%2Fv2%2Fmedia&parent=6815"}],"curies":[{"name":"wp","href":"https:\/\/api.w.org\/{rel}","templated":true}]}}