{"id":21447,"date":"2014-12-22T11:55:15","date_gmt":"2014-12-22T10:55:15","guid":{"rendered":"http:\/\/bagn.no\/?page_id=21447"},"modified":"2017-12-27T11:33:56","modified_gmt":"2017-12-27T10:33:56","slug":"andelseiere","status":"publish","type":"page","link":"https:\/\/www.bagn.no\/?page_id=21447","title":{"rendered":"Andelstegnere idrettshallen"},"content":{"rendered":"<table width=\"619\">\n<tbody>\n<tr>\n<td width=\"125\"><strong>20<\/strong><\/td>\n<td width=\"494\">Kristian Berglund<\/td>\n<\/tr>\n<tr>\n<td width=\"125\"><strong>10<\/strong><\/td>\n<td width=\"494\">Astrid Dokken<\/td>\n<\/tr>\n<tr>\n<td width=\"125\"><strong>10<\/strong><\/td>\n<td width=\"494\">Jorunn og Geir Henning Skaret<\/td>\n<\/tr>\n<tr>\n<td width=\"125\"><strong>1<\/strong><\/td>\n<td width=\"494\">Liv Bang<\/td>\n<\/tr>\n<tr>\n<td width=\"125\"><strong>10<\/strong><\/td>\n<td width=\"494\">Bj\u00f8rg Eva Storr\u00f8 og Steinar Skjerve<\/td>\n<\/tr>\n<tr>\n<td width=\"125\"><strong>2<\/strong><\/td>\n<td width=\"494\">Mikael Andreas Storr\u00f8 Skjerve<\/td>\n<\/tr>\n<tr>\n<td width=\"125\"><strong>1<\/strong><\/td>\n<td width=\"494\">Arne Langedrag<\/td>\n<\/tr>\n<tr>\n<td width=\"125\"><strong>1<\/strong><\/td>\n<td width=\"494\">Ingrid Langedrag<\/td>\n<\/tr>\n<tr>\n<td width=\"125\"><strong>1<\/strong><\/td>\n<td width=\"494\">Sigurd Langedrag<\/td>\n<\/tr>\n<tr>\n<td width=\"125\"><strong>2<\/strong><\/td>\n<td width=\"494\">Bj\u00f8rg og Agnar F\u00f8nhus<\/td>\n<\/tr>\n<tr>\n<td width=\"125\"><strong>2<\/strong><\/td>\n<td width=\"494\">Gave til Begnadalen IL&#8217;s 90 \u00e5rsjubileum.<\/td>\n<\/tr>\n<tr>\n<td width=\"125\"><strong>2<\/strong><\/td>\n<td width=\"494\">\u00d8rnulf Juvkam Dyve<\/td>\n<\/tr>\n<tr>\n<td width=\"125\"><strong>2<\/strong><\/td>\n<td width=\"494\">Vidar Gabrielsen<\/td>\n<\/tr>\n<tr>\n<td width=\"125\"><strong>10<\/strong><\/td>\n<td width=\"494\">Tore Skjerve<\/td>\n<\/tr>\n<tr>\n<td width=\"125\"><strong>1<\/strong><\/td>\n<td width=\"494\">Torhild Kollsg\u00e5rd<\/td>\n<\/tr>\n<tr>\n<td width=\"125\"><strong>1<\/strong><\/td>\n<td width=\"494\">Ola Kollsg\u00e5rd<\/td>\n<\/tr>\n<tr>\n<td width=\"125\"><strong>2<\/strong><\/td>\n<td width=\"494\">Stein Bergum<\/td>\n<\/tr>\n<tr>\n<td width=\"125\"><strong>20<\/strong><\/td>\n<td width=\"494\">Jan Dokken<\/td>\n<\/tr>\n<tr>\n<td width=\"125\"><strong>2<\/strong><\/td>\n<td width=\"494\">Bj\u00f8rn Storr\u00f8<\/td>\n<\/tr>\n<tr>\n<td width=\"125\"><strong>1<\/strong><\/td>\n<td width=\"494\">Andrea Solbrekken<\/td>\n<\/tr>\n<tr>\n<td width=\"125\"><strong>1<\/strong><\/td>\n<td width=\"494\">Einar Kristoffer Solbrekken<\/td>\n<\/tr>\n<tr>\n<td width=\"125\"><strong>1<\/strong><\/td>\n<td width=\"494\">Cosmin &#8211; Mihai Botez<\/td>\n<\/tr>\n<tr>\n<td width=\"125\"><strong>10<\/strong><\/td>\n<td width=\"494\">Ola Jacob Nybr\u00e5ten<\/td>\n<\/tr>\n<tr>\n<td width=\"125\"><strong>1<\/strong><\/td>\n<td width=\"494\">Alexander Hauglid<\/td>\n<\/tr>\n<tr>\n<td width=\"125\"><strong>2<\/strong><\/td>\n<td width=\"494\">Ole Kristian Juvkam<\/td>\n<\/tr>\n<tr>\n<td width=\"125\"><strong>2<\/strong><\/td>\n<td width=\"494\">Vidar Skoglund<\/td>\n<\/tr>\n<tr>\n<td width=\"125\"><strong>2<\/strong><\/td>\n<td width=\"494\">Kjell Arnfinn Fjeld<\/td>\n<\/tr>\n<tr>\n<td width=\"125\"><strong>20<\/strong><\/td>\n<td width=\"494\">Else Marit D\u00f8lves\u00e6ter<\/td>\n<\/tr>\n<tr>\n<td width=\"125\"><strong>2<\/strong><\/td>\n<td width=\"494\">Oddvin S\u00f8rb\u00f8en<\/td>\n<\/tr>\n<tr>\n<td width=\"125\"><strong>2<\/strong><\/td>\n<td width=\"494\">Kari A. S\u00f8rb\u00f8en<\/td>\n<\/tr>\n<tr>\n<td width=\"125\"><strong>2<\/strong><\/td>\n<td width=\"494\">Marius S\u00f8rb\u00f8en<\/td>\n<\/tr>\n<tr>\n<td width=\"125\"><strong>2<\/strong><\/td>\n<td width=\"494\">Thomas S\u00f8rb\u00f8en<\/td>\n<\/tr>\n<tr>\n<td width=\"125\"><strong>2<\/strong><\/td>\n<td width=\"494\">Aase og Knut Kamben<\/td>\n<\/tr>\n<tr>\n<td width=\"125\"><strong>1<\/strong><\/td>\n<td width=\"494\">Bj\u00f8rg Ingrid Brenno<\/td>\n<\/tr>\n<tr>\n<td width=\"125\"><strong>2<\/strong><\/td>\n<td width=\"494\">Ingunn og Sigbj\u00f8rn Framnes<\/td>\n<\/tr>\n<tr>\n<td width=\"125\"><strong>2<\/strong><\/td>\n<td width=\"494\">Stig Rune Nyl\u00e6nde Framnes<\/td>\n<\/tr>\n<tr>\n<td width=\"125\"><strong>1<\/strong><\/td>\n<td width=\"494\">Anne Dyve<\/td>\n<\/tr>\n<tr>\n<td width=\"125\"><strong>1<\/strong><\/td>\n<td width=\"494\">Ole Arnstein R\u00f8ang<\/td>\n<\/tr>\n<tr>\n<td width=\"125\"><strong>1<\/strong><\/td>\n<td width=\"494\">Wenche Kjellsdotter R\u00f8ang<\/td>\n<\/tr>\n<tr>\n<td width=\"125\"><strong>1<\/strong><\/td>\n<td width=\"494\">Anne Kristin R\u00f8ang<\/td>\n<\/tr>\n<tr>\n<td width=\"125\"><strong>1<\/strong><\/td>\n<td width=\"494\">Jostein Kvaal<\/td>\n<\/tr>\n<tr>\n<td width=\"125\"><strong>1<\/strong><\/td>\n<td width=\"494\">Vebj\u00f8rn Kvaal<\/td>\n<\/tr>\n<tr>\n<td width=\"125\"><strong>1<\/strong><\/td>\n<td width=\"494\">Amalie Hansebakken<\/td>\n<\/tr>\n<tr>\n<td width=\"125\"><strong>1<\/strong><\/td>\n<td width=\"494\">Magnus Hansebakken<\/td>\n<\/tr>\n<tr>\n<td width=\"125\"><strong>1<\/strong><\/td>\n<td width=\"494\">Even Hansebakken<\/td>\n<\/tr>\n<tr>\n<td width=\"125\"><strong>1<\/strong><\/td>\n<td width=\"494\">Marine Thorsrud<\/td>\n<\/tr>\n<tr>\n<td width=\"125\"><strong>1<\/strong><\/td>\n<td width=\"494\">Erik Thorsrud<\/td>\n<\/tr>\n<tr>\n<td width=\"125\"><strong>1<\/strong><\/td>\n<td width=\"494\">Torhild Skjerve<\/td>\n<\/tr>\n<tr>\n<td width=\"125\"><strong>1<\/strong><\/td>\n<td width=\"494\">Emilie Kirkerud Skjerve<\/td>\n<\/tr>\n<tr>\n<td width=\"125\"><strong>1<\/strong><\/td>\n<td width=\"494\">Linnea Kirkerud Skjerve<\/td>\n<\/tr>\n<tr>\n<td width=\"125\"><strong>1<\/strong><\/td>\n<td width=\"494\">Amalie Kirkerud Skjerve<\/td>\n<\/tr>\n<tr>\n<td width=\"125\"><strong>2<\/strong><\/td>\n<td width=\"494\">Morten Bellika Johansen<\/td>\n<\/tr>\n<tr>\n<td width=\"125\"><strong>2<\/strong><\/td>\n<td width=\"494\">Guro Lysne Johansen<\/td>\n<\/tr>\n<tr>\n<td width=\"125\"><strong>2<\/strong><\/td>\n<td width=\"494\">Anna Lysne Johansen<\/td>\n<\/tr>\n<tr>\n<td width=\"125\"><strong>2<\/strong><\/td>\n<td width=\"494\">Vetle Lysne Johansen<\/td>\n<\/tr>\n<tr>\n<td width=\"125\"><strong>2<\/strong><\/td>\n<td width=\"494\">Mikkel Lysne Johansen<\/td>\n<\/tr>\n<tr>\n<td width=\"125\"><strong>2<\/strong><\/td>\n<td width=\"494\">Mio Brustad Huset<\/td>\n<\/tr>\n<tr>\n<td width=\"125\"><strong>1<\/strong><\/td>\n<td width=\"494\">Anton Kl\u00f8vstad<\/td>\n<\/tr>\n<tr>\n<td width=\"125\"><strong>10<\/strong><\/td>\n<td width=\"494\">Magnar S\u00f8rb\u00f8en<\/td>\n<\/tr>\n<tr>\n<td width=\"125\"><strong>1<\/strong><\/td>\n<td width=\"494\">Stig Svenstad<\/td>\n<\/tr>\n<tr>\n<td width=\"125\"><strong>1<\/strong><\/td>\n<td width=\"494\">Sofie Juvkam Johnsen<\/td>\n<\/tr>\n<tr>\n<td width=\"125\"><strong>2<\/strong><\/td>\n<td width=\"494\">Inger Mari S\u00f8rum<\/td>\n<\/tr>\n<tr>\n<td width=\"125\"><strong>1<\/strong><\/td>\n<td width=\"494\">Knut Anfindsen<\/td>\n<\/tr>\n<tr>\n<td width=\"125\"><strong>1<\/strong><\/td>\n<td width=\"494\">Eva Hilding<\/td>\n<\/tr>\n<tr>\n<td width=\"125\"><strong>1<\/strong><\/td>\n<td width=\"494\">Erik Andreas R\u00f8ang<\/td>\n<\/tr>\n<tr>\n<td width=\"125\"><strong>1<\/strong><\/td>\n<td width=\"494\">Ingeborg og Kristine Brenden<\/td>\n<\/tr>\n<\/tbody>\n<\/table>\n<p>Idrettshallen skal bygges i kommunal regi. Midlene som er kommet inn p\u00e5 andelssalg st\u00e5r forel\u00f8pig p\u00e5 konto. De vil sannsynligvis brukes til en erstatning for Fossvang forsamlingshus<\/p>\n","protected":false},"excerpt":{"rendered":"<p>20 Kristian Berglund 10 Astrid Dokken 10 Jorunn og Geir Henning Skaret 1 Liv Bang 10 Bj\u00f8rg Eva Storr\u00f8 og Steinar Skjerve 2 Mikael Andreas Storr\u00f8 Skjerve 1 Arne Langedrag 1 Ingrid Langedrag 1 Sigurd Langedrag 2 Bj\u00f8rg og Agnar F\u00f8nhus 2 Gave til Begnadalen IL&#8217;s 90 \u00e5rsjubileum. 2 \u00d8rnulf Juvkam Dyve 2 Vidar Gabrielsen [&hellip;]<\/p>\n","protected":false},"author":4,"featured_media":0,"parent":0,"menu_order":0,"comment_status":"open","ping_status":"open","template":"","meta":{"footnotes":""},"class_list":["post-21447","page","type-page","status-publish","hentry"],"_links":{"self":[{"href":"https:\/\/www.bagn.no\/index.php?rest_route=\/wp\/v2\/pages\/21447","targetHints":{"allow":["GET"]}}],"collection":[{"href":"https:\/\/www.bagn.no\/index.php?rest_route=\/wp\/v2\/pages"}],"about":[{"href":"https:\/\/www.bagn.no\/index.php?rest_route=\/wp\/v2\/types\/page"}],"author":[{"embeddable":true,"href":"https:\/\/www.bagn.no\/index.php?rest_route=\/wp\/v2\/users\/4"}],"replies":[{"embeddable":true,"href":"https:\/\/www.bagn.no\/index.php?rest_route=%2Fwp%2Fv2%2Fcomments&post=21447"}],"version-history":[{"count":0,"href":"https:\/\/www.bagn.no\/index.php?rest_route=\/wp\/v2\/pages\/21447\/revisions"}],"wp:attachment":[{"href":"https:\/\/www.bagn.no\/index.php?rest_route=%2Fwp%2Fv2%2Fmedia&parent=21447"}],"curies":[{"name":"wp","href":"https:\/\/api.w.org\/{rel}","templated":true}]}}