{"id":19768,"date":"2014-03-24T23:28:26","date_gmt":"2014-03-24T22:28:26","guid":{"rendered":"http:\/\/bagn.no\/?page_id=19768"},"modified":"2025-03-31T00:18:05","modified_gmt":"2025-03-30T22:18:05","slug":"arsmotedokumenter","status":"publish","type":"page","link":"https:\/\/www.bagn.no\/?page_id=19768","title":{"rendered":"\u00c5rsm\u00f8tedokumenter"},"content":{"rendered":"<p><i>\u00a0Tidligere \u00c5rsm\u00f8tedokumenter finner du her. De blir ogs\u00e5 sendt ut p\u00e5 e-post til medlemmer. \u00d8verst ligger dokumentene til \u00e5rets \u00e5rsm\u00f8te.<\/i><\/p>\n<p><strong>Hva er \u00e5rsm\u00f8tet?<\/strong><br \/>\n\u00c5rsm\u00f8tet er Idrettslagets h\u00f8yeste organ og skal holdes en gang hvert \u00e5r, eller ved ekstraordin\u00e6rt innkalling.<\/p>\n<p><strong>Hvem kan delta?<\/strong><br \/>\nAlle idrettslagets medlemmer har adgang til \u00e5rsm\u00f8tet. For \u00e5 ha stemmerett m\u00e5 medlemmet v\u00e6re fylt 15 \u00e5r, og hatt gyldig medlemskap i minst 1 m\u00e5ned, og ha oppfylt medlemsforpliktelsene. Ingen kan m\u00f8te eller avgi stemme ved fullmakt. For mer informasjon se \u00a73 i vedtektene.<\/p>\n<p><strong>Forslag til behandling?<\/strong><br \/>\nMedlemmer kan sende forslag til behandling i \u00e5rsm\u00f8tet hvis det er en sak av en slik karakter at styret alene ikke kan behandle forslaget. Hvorvidt en sak st\u00e5r i en slik stilling kan avklares ved henvendelse til styret.<\/p>\n<p><strong>Agenda?<\/strong><br \/>\n\u00c5rsm\u00f8tet har en lovbestemt fast agenda som offentliggj\u00f8res 1 -en- uke f\u00f8r \u00e5rsm\u00f8tet finner sted.<\/p>\n<p><strong>Form\u00e5l?<br \/>\n<\/strong> \u00c5rsm\u00f8tet skal blant annet behandle regnskap og budsjetter, samt fastsette medlemskontingent<\/p>\n<p>Her er dokumenter \u00e5rsm\u00f8tet 2022 avholdt 30.mars<\/p>\n<p><a href=\"http:\/\/bagn.no\/wp-content\/uploads\/2022\/04\/Arsmote-2022-saksdokumenter.pdf\" target=\"_blank\" rel=\"noopener\">\u00c5rsm\u00f8te 2022 saksdokumenter<\/a><\/p>\n<p><a href=\"http:\/\/bagn.no\/wp-content\/uploads\/2022\/04\/Protokoll-arsmote-2022.-Underskr..pdf\" target=\"_blank\" rel=\"noopener\">Protokoll \u00e5rsm\u00f8te 2022. Underskr<\/a><\/p>\n<p>Her er dokumenter \u00e5rsm\u00f8tet 2021<\/p>\n<p><a href=\"http:\/\/bagn.no\/wp-content\/uploads\/2022\/04\/Arsmote-2022-saksdokumenter.pdf\" target=\"_blank\" rel=\"noopener\">\u00c5rsm\u00f8te 2022 saksdokumenter<\/a><\/p>\n<p><a href=\"http:\/\/bagn.no\/wp-content\/uploads\/2021\/03\/Protokoll-arsmote-Bagn-IL-2021.pdf\">Protokoll \u00e5rsm\u00f8te Bagn IL 2021<\/a><\/p>\n<p>Her er dokumenter \u00e5rsm\u00f8tet\u00a0 2020<\/p>\n<p><a href=\"http:\/\/bagn.no\/wp-content\/uploads\/2020\/06\/%C3%85rsm%C3%B8te-2020-saksdokumenter.pdf\">http:\/\/bagn.no\/wp-content\/uploads\/2020\/06\/%C3%85rsm%C3%B8te-2020-saksdokumenter.pdf<\/a><\/p>\n<p><a href=\"http:\/\/bagn.no\/wp-content\/uploads\/2020\/06\/Protokoll-%C3%A5rsm%C3%B8te-2020-undersk..pdf\">http:\/\/bagn.no\/wp-content\/uploads\/2020\/06\/Protokoll-%C3%A5rsm%C3%B8te-2020-undersk..pdf<\/a><\/p>\n<p><a href=\"http:\/\/bagn.no\/wp-content\/uploads\/2020\/05\/Bagn-IL-organisasjonsplan-2020.pdf\">Bagn-IL-organisasjonsplan-2020.pdf<\/a><\/p>\n<p>Her er dokumenter til \u00e5rsm\u00f8te 2019.<\/p>\n<p><a href=\"http:\/\/bagn.no\/wp-content\/uploads\/2019\/10\/Arsmote-2019-saksdokumenter.pdf\">\u00c5rsm\u00f8te 2019 saksdokumenter<\/a><\/p>\n<p><a href=\"http:\/\/bagn.no\/wp-content\/uploads\/2019\/10\/Bagn-IL-organisasjonsplan-2019.pdf\">Bagn IL Organisasjonsplan 2019<\/a><\/p>\n<p>Her er dokumenter til \u00e5rsm\u00f8te 2018<\/p>\n<p><a href=\"http:\/\/bagn.no\/wp-content\/uploads\/2018\/03\/arsmote-2018-saksdokumenter-1.pdf\">\u00c5rsm\u00f8te 2018 saksdokumenter<\/a><\/p>\n<p><a href=\"http:\/\/bagn.no\/arsmotedokumenter\/bagn-il-organisasjonsplan-2018\/\" rel=\"attachment wp-att-25591\">Bagn IL organisasjonsplan 2018<\/a><\/p>\n<p>Her er dokumenter til \u00e5rsm\u00f8tet for 2017<\/p>\n<p><a href=\"http:\/\/bagn.no\/wp-content\/uploads\/2014\/03\/\u00c5rsm\u00f8te-2017-saksdokumenter-1.pdf\">\u00c5rsm\u00f8te 2017 saksdokumenter<\/a><\/p>\n<p><a href=\"http:\/\/bagn.no\/wp-content\/uploads\/2017\/03\/Bagn-IL-organisasjonsplan-2017.pdf\">Bagn IL organisasjonsplan 2017<\/a><\/p>\n<p>Her er dokumenter til \u00e5rsm\u00f8tet for 2016<\/p>\n<p><a href=\"http:\/\/bagn.no\/wp-content\/uploads\/2014\/03\/\u00c5rsm\u00f8te-2016-saksdokumenter.pdf\" rel=\"\">\u00c5rsm\u00f8te 2016 saksdokumenter<\/a><\/p>\n<p><a href=\"http:\/\/bagn.no\/wp-content\/uploads\/2014\/03\/Bagn-IL-organisasjonsplan-2016.pdf\" rel=\"\">Bagn IL organisasjonsplan 2016<\/a><\/p>\n<p>Her er \u00e5rsm\u00f8tedokumentene for 2015<\/p>\n<p><strong><a href=\"http:\/\/bagn.no\/wp-content\/uploads\/2014\/03\/\u00c5rsm\u00f8te-2015-saksdokumenter-1.pdf\">\u00c5rsm\u00f8te 2015 saksdokumenter<\/a><\/strong><\/p>\n<p><strong><span style=\"color: #0000ff;\"><a style=\"color: #0000ff;\" href=\"http:\/\/bagn.no\/wp-content\/uploads\/2014\/03\/Bagn-IL-organisasjonsplan.pdf\">Bagn IL, organisasjonsplan<\/a><\/span><\/strong><\/p>\n<p>2013:<\/p>\n<h4><span style=\"color: #0000ff;\"><a href=\"http:\/\/bagn.no\/wp-content\/uploads\/2014\/04\/Bagn-IL-organisasjonsplan.pdf\"><span style=\"color: #0000ff;\">Bagn IL, organisasjonsplan<\/span><\/a><\/span><\/h4>\n<h4><span style=\"color: #0000ff;\"><a href=\"http:\/\/bagn.no\/wp-content\/uploads\/2014\/03\/\u00c5rsm\u00f8te-for-2013-saksdokumenter.pdf\"><span style=\"color: #0000ff;\">\u00c5rsm\u00f8te for 2013, saksdokumenter<\/span><\/a><\/span><\/h4>\n<p>P\u00e5 \u00e5rsm\u00f8tet ble regnskap, noter og valgkomiteens innstilling utlevert.\u00a0\u00a0Saksdokumentene inkludert vedlegg ble sendt til medlemmer der vi har registrert epost i forkant av \u00e5rsm\u00f8tet.<\/p>\n<p>Send en epost til <span style=\"color: #0000ff;\"><a href=\"mailto:post@bagnil.no\"><span style=\"color: #0000ff;\">post@bagnil.no<\/span><\/a><\/span>\u00a0om du har sp\u00f8rsm\u00e5l<\/p>\n<p>Tidligere \u00e5rsm\u00f8ter:<\/p>\n<p>2013: Ekstraordnin\u00e6rt \u00e5rsm\u00f8te 12. November 2013\u00a0<span style=\"color: #0000ff;\"><span style=\"color: #0000ff;\"><a href=\"http:\/\/bagn.no\/wp-content\/uploads\/2014\/03\/Protokollekstraordnin\u00e6rt\u00e5rsm\u00f8te12112013..pdf\">Protokollekstraordnin\u00e6rt\u00e5rsm\u00f8te12112013.<\/a>\u00a0<\/span><\/span><\/p>\n<p>2012:\u00a0<span style=\"color: #0000ff;\"><span style=\"color: #0000ff;\"><a href=\"http:\/\/bagn.no\/wp-content\/uploads\/2014\/03\/\u00c5rsm\u00f8teinnkallingmedsaksliste.pdf\">\u00c5rsm\u00f8teinnkallingmedsaksliste<\/a>\u00a0og\u00a0<\/span><\/span><a href=\"http:\/\/bagn.no\/wp-content\/uploads\/2014\/03\/regnskap2012Budsjett2013.pdf\">regnskap2012Budsjett2013<\/a>\u00a0avholdt onsdag 13. Mars 2013 Glasshuset SAUS<\/p>\n\n\n<p><\/p>\n\n\n\n<p><\/p>\n\n\n\n<p><\/p>\n","protected":false},"excerpt":{"rendered":"<p>\u00a0Tidligere \u00c5rsm\u00f8tedokumenter finner du her. De blir ogs\u00e5 sendt ut p\u00e5 e-post til medlemmer. \u00d8verst ligger dokumentene til \u00e5rets \u00e5rsm\u00f8te. Hva er \u00e5rsm\u00f8tet? \u00c5rsm\u00f8tet er Idrettslagets h\u00f8yeste organ og skal holdes en gang hvert \u00e5r, eller ved ekstraordin\u00e6rt innkalling. Hvem kan delta? Alle idrettslagets medlemmer har adgang til \u00e5rsm\u00f8tet. For \u00e5 ha stemmerett m\u00e5 medlemmet [&hellip;]<\/p>\n","protected":false},"author":4,"featured_media":0,"parent":0,"menu_order":0,"comment_status":"open","ping_status":"open","template":"","meta":{"footnotes":""},"class_list":["post-19768","page","type-page","status-publish","hentry"],"_links":{"self":[{"href":"https:\/\/www.bagn.no\/index.php?rest_route=\/wp\/v2\/pages\/19768","targetHints":{"allow":["GET"]}}],"collection":[{"href":"https:\/\/www.bagn.no\/index.php?rest_route=\/wp\/v2\/pages"}],"about":[{"href":"https:\/\/www.bagn.no\/index.php?rest_route=\/wp\/v2\/types\/page"}],"author":[{"embeddable":true,"href":"https:\/\/www.bagn.no\/index.php?rest_route=\/wp\/v2\/users\/4"}],"replies":[{"embeddable":true,"href":"https:\/\/www.bagn.no\/index.php?rest_route=%2Fwp%2Fv2%2Fcomments&post=19768"}],"version-history":[{"count":2,"href":"https:\/\/www.bagn.no\/index.php?rest_route=\/wp\/v2\/pages\/19768\/revisions"}],"predecessor-version":[{"id":28290,"href":"https:\/\/www.bagn.no\/index.php?rest_route=\/wp\/v2\/pages\/19768\/revisions\/28290"}],"wp:attachment":[{"href":"https:\/\/www.bagn.no\/index.php?rest_route=%2Fwp%2Fv2%2Fmedia&parent=19768"}],"curies":[{"name":"wp","href":"https:\/\/api.w.org\/{rel}","templated":true}]}}