{"id":15716,"date":"2013-11-13T21:42:07","date_gmt":"2013-11-13T20:42:07","guid":{"rendered":"http:\/\/bagn.no\/?page_id=15716"},"modified":"2021-03-25T13:32:59","modified_gmt":"2021-03-25T12:32:59","slug":"kjope-andeler","status":"publish","type":"page","link":"https:\/\/www.bagn.no\/?page_id=15716","title":{"rendered":"Andeler idrettshall &#8211; privatperson"},"content":{"rendered":"<p>Hallen er vedtatt bygget i kommunal regi. Midlene som er kommet inn vil g\u00e5 til utvikling av Fossvangomr\u00e5det. Inntil videre st\u00e5r midlene p\u00e5 konto.<\/p>\n<p><strong>Andelstegningen til idrettshall er satt p\u00e5 vent. Midlene fra andelssalget st\u00e5r p\u00e5 konto i p\u00e5vente av hva midlene skal g\u00e5 til. Det er sannsynligvis stort behov for b\u00e5de utstyr og annet i det nye bygget. Andelstegnere vil bli informert om hva som skjer. <\/strong><\/p>\n<hr \/>\n<p>Her er informasjon som ble gitt ved andelstegningen tidligere.<\/p>\n<p>Som eier av andelsbrev i hallen vil du f\u00e5 navnet ditt p\u00e5 ei stor tavle i hallen, samt at du bidrar til et flott fritidstilbud til unge som gamle i S\u00f8r-Aurdal. Hallen er delt opp i andeler, som kan kj\u00f8pes for 500,- pr stk. Som andelsbrevseier vil du motta et andelsbrev som et bevis p\u00e5 din st\u00f8tte til hallprosjektet. Hele bel\u00f8pet g\u00e5r direkte til innsamlingen.<\/p>\n<p>Alle som kj\u00f8per andeler vil komme p\u00e5 andelslista som kommer i SAposten og her p\u00e5 Bagn.no. Merk av p\u00e5 skjemaet om du \u00f8nsker \u00e5 v\u00e6re anonym.<\/p>\n<p>Sp\u00f8rsm\u00e5l eller \u00f8nsker \u00e5 gi st\u00f8rre bidrag\/sponsing eller fra AS ta kontakt med Steinar p\u00e5 92 22 48 81 eller p\u00e5 epost <span style=\"color: #3366ff;\"><a href=\"mailto:idrettslaget@bagn.no\" data-wplink-edit=\"true\"><span style=\"color: #3366ff;\">post@bagnil.no<\/span><\/a><\/span><\/p>\n<p>Bagn IL\u00a0p\u00e5 vegne av idretten i \u00f8vre del av S\u00f8r-Aurdal takker for ditt bidrag!<\/p>\n<p><span style=\"color: #3366ff;\">\u00a0<\/span><\/p>\n","protected":false},"excerpt":{"rendered":"<p>Hallen er vedtatt bygget i kommunal regi. Midlene som er kommet inn vil g\u00e5 til utvikling av Fossvangomr\u00e5det. Inntil videre st\u00e5r midlene p\u00e5 konto. Andelstegningen til idrettshall er satt p\u00e5 vent. Midlene fra andelssalget st\u00e5r p\u00e5 konto i p\u00e5vente av hva midlene skal g\u00e5 til. Det er sannsynligvis stort behov for b\u00e5de utstyr og annet [&hellip;]<\/p>\n","protected":false},"author":4,"featured_media":0,"parent":0,"menu_order":0,"comment_status":"open","ping_status":"open","template":"","meta":{"footnotes":""},"class_list":["post-15716","page","type-page","status-publish","hentry"],"_links":{"self":[{"href":"https:\/\/www.bagn.no\/index.php?rest_route=\/wp\/v2\/pages\/15716","targetHints":{"allow":["GET"]}}],"collection":[{"href":"https:\/\/www.bagn.no\/index.php?rest_route=\/wp\/v2\/pages"}],"about":[{"href":"https:\/\/www.bagn.no\/index.php?rest_route=\/wp\/v2\/types\/page"}],"author":[{"embeddable":true,"href":"https:\/\/www.bagn.no\/index.php?rest_route=\/wp\/v2\/users\/4"}],"replies":[{"embeddable":true,"href":"https:\/\/www.bagn.no\/index.php?rest_route=%2Fwp%2Fv2%2Fcomments&post=15716"}],"version-history":[{"count":0,"href":"https:\/\/www.bagn.no\/index.php?rest_route=\/wp\/v2\/pages\/15716\/revisions"}],"wp:attachment":[{"href":"https:\/\/www.bagn.no\/index.php?rest_route=%2Fwp%2Fv2%2Fmedia&parent=15716"}],"curies":[{"name":"wp","href":"https:\/\/api.w.org\/{rel}","templated":true}]}}