{"id":10997,"date":"2012-07-16T09:52:58","date_gmt":"2012-07-16T08:52:58","guid":{"rendered":"http:\/\/www.bagn.no\/?page_id=10997"},"modified":"2012-07-16T09:52:58","modified_gmt":"2012-07-16T08:52:58","slug":"makalaus-1099-moh","status":"publish","type":"page","link":"https:\/\/www.bagn.no\/?page_id=10997","title":{"rendered":"Makalaus 1099 moh"},"content":{"rendered":"<p>Makalaus ligger p\u00e5 grensa mellom S\u00f8r-Aurdal og Nord-Aurdal. Det er 1099 moh og utsiktet er heilt makalaus.<\/p>\n<p>Ta opp mot Reinli og kj\u00f8r opp helt til du kommer til Stavadalen. Her tar du av til h\u00f8yre opp vegen mellom Stavadalen og Lia\u00e5sen (husk 30 kroner til bom) Nesten p\u00e5 toppen tar du av til venstre og fortsetter til du ser det nye hyttefeltet p\u00e5 toppen i Stavadalen. Ta til h\u00f8yre og kj\u00f8r ca 300 meter (til veien er slutt) Da er det bare \u00e5 finne seg en h\u00f8velig parkeringsplass p\u00e5 toppen. Lett og barnevennlig tur i flottfjellterreng. 1 times tur.<\/p>\n<p>Like ved starten ligg \u201dFlyst\u00f8tta\u201d, minnestein over to flygere som styrta 9. mars 1949. Deretter er det bare \u00e5 f\u00f8lge stien bortover til du kommer til toppen p\u00e5 1099.<\/p>\n<p>&nbsp;<\/p>\n","protected":false},"excerpt":{"rendered":"<p>Makalaus ligger p\u00e5 grensa mellom S\u00f8r-Aurdal og Nord-Aurdal. Det er 1099 moh og utsiktet er heilt makalaus. Ta opp mot Reinli og kj\u00f8r opp helt til du kommer til Stavadalen. Her tar du av til h\u00f8yre opp vegen mellom Stavadalen og Lia\u00e5sen (husk 30 kroner til bom) Nesten p\u00e5 toppen tar du av til venstre [&hellip;]<\/p>\n","protected":false},"author":4,"featured_media":0,"parent":3255,"menu_order":0,"comment_status":"open","ping_status":"closed","template":"","meta":{"footnotes":""},"class_list":["post-10997","page","type-page","status-publish","hentry"],"_links":{"self":[{"href":"https:\/\/www.bagn.no\/index.php?rest_route=\/wp\/v2\/pages\/10997","targetHints":{"allow":["GET"]}}],"collection":[{"href":"https:\/\/www.bagn.no\/index.php?rest_route=\/wp\/v2\/pages"}],"about":[{"href":"https:\/\/www.bagn.no\/index.php?rest_route=\/wp\/v2\/types\/page"}],"author":[{"embeddable":true,"href":"https:\/\/www.bagn.no\/index.php?rest_route=\/wp\/v2\/users\/4"}],"replies":[{"embeddable":true,"href":"https:\/\/www.bagn.no\/index.php?rest_route=%2Fwp%2Fv2%2Fcomments&post=10997"}],"version-history":[{"count":0,"href":"https:\/\/www.bagn.no\/index.php?rest_route=\/wp\/v2\/pages\/10997\/revisions"}],"up":[{"embeddable":true,"href":"https:\/\/www.bagn.no\/index.php?rest_route=\/wp\/v2\/pages\/3255"}],"wp:attachment":[{"href":"https:\/\/www.bagn.no\/index.php?rest_route=%2Fwp%2Fv2%2Fmedia&parent=10997"}],"curies":[{"name":"wp","href":"https:\/\/api.w.org\/{rel}","templated":true}]}}